{"id":20,"date":"2019-07-11T06:55:53","date_gmt":"2019-07-11T06:55:53","guid":{"rendered":"https:\/\/radiustheme.com\/demo\/wordpress\/themes\/clenix\/?page_id=20"},"modified":"2024-12-09T22:23:40","modified_gmt":"2024-12-09T22:23:40","slug":"apropos","status":"publish","type":"page","link":"https:\/\/www.superbeausite.com\/constructiondemo2\/apropos\/","title":{"rendered":"\u00c0 propos"},"content":{"rendered":"\t\t<div data-elementor-type=\"wp-post\" data-elementor-id=\"20\" class=\"elementor elementor-20\">\n\t\t\t\t\t\t<section class=\"elementor-section elementor-top-section elementor-element elementor-element-27898a9 elementor-section-stretched left-section-style-4 elementor-section-boxed elementor-section-height-default elementor-section-height-default\" data-id=\"27898a9\" data-element_type=\"section\" data-settings=\"{&quot;stretch_section&quot;:&quot;section-stretched&quot;}\">\n\t\t\t\t\t\t<div class=\"elementor-container elementor-column-gap-default\">\n\t\t\t\t\t<div class=\"elementor-column elementor-col-50 elementor-top-column elementor-element elementor-element-6e57bbe\" data-id=\"6e57bbe\" data-element_type=\"column\">\n\t\t\t<div class=\"elementor-widget-wrap elementor-element-populated\">\n\t\t\t\t\t\t<div class=\"elementor-element elementor-element-9e6b3d7 elementor-widget elementor-widget-rt-text-with-button\" data-id=\"9e6b3d7\" data-element_type=\"widget\" data-widget_type=\"rt-text-with-button.default\">\n\t\t\t\t<div class=\"elementor-widget-container\">\n\t\t\t\t\t<div class=\"title-text-button left barhide text-style1\">\n\t\t\t<div class=\"subtitle\" style=\"\">Depuis 1985<\/div>\n\t\t\t\t<h2 class=\"rtin-title\" style=\"\">Notre histoire<\/h2>\n\t\t\t\t\t\t<div class=\"rtin-content\" style=\"\"><div class=\"et_pb_blurb_description\">Texte texte texte texte texte texte texte texte texte texte texte texte texte texte texte texte texte texte texte texte texte texte texte texte texte texte texte texte texte texte texte texte texte.<br \/><br \/><div class=\"et_pb_module et_pb_text et_pb_text_0 et_pb_text_align_left et_pb_bg_layout_light\"><div class=\"et_pb_text_inner\"><h2>1. Proc\u00e9d\u00e9 unique<\/h2>Texte texte texte texte texte texte texte texte texte texte texte texte texte texte texte texte texte texte texte texte texte texte texte texte texte texte texte texte texte texte texte texte texte.<br \/><br \/><div class=\"et_pb_module et_pb_text et_pb_text_1 et_pb_text_align_left et_pb_bg_layout_light\"><div class=\"et_pb_text_inner\"><h2>2. \u00c9quipement efficace<\/h2>Texte texte texte texte texte texte texte texte texte texte texte texte texte texte texte texte texte texte texte texte texte texte texte texte texte texte texte texte texte texte texte texte texte.<br \/><br \/><div class=\"et_pb_module et_pb_text et_pb_text_2 et_pb_text_align_left et_pb_bg_layout_light\"><div class=\"et_pb_text_inner\"><h2>3. Rapidit\u00e9 d\u2019ex\u00e9cution<\/h2><p>Texte texte texte texte texte texte texte texte texte texte texte texte texte texte texte texte texte texte texte texte texte texte texte texte texte texte texte texte texte texte texte texte texte.<\/p><\/div><\/div><\/div><\/div><\/div><\/div><\/div><\/div>\n\t<\/div>\t\t\t\t<\/div>\n\t\t\t\t<\/div>\n\t\t\t\t<div class=\"elementor-element elementor-element-e0c3176 elementor-widget elementor-widget-rt-info-box\" data-id=\"e0c3176\" data-element_type=\"widget\" data-widget_type=\"rt-info-box.default\">\n\t\t\t\t<div class=\"elementor-widget-container\">\n\t\t\t\t\t<div class=\"info-box media info-style5 left\">\n\t<div class=\"rtin-item media rtin-icon\">\n\t\t<div class=\"rtin-media\">\n\t\t\t<span>\n\t\t\t\t\t\t\t\t\t<span  style=\"\"><i class=\"fa fa-check\" aria-hidden=\"true\"><\/i><\/span>\n\t\t\t\t\t\t\t<\/span>\n\t\t<\/div>\n\t\t<div class=\"media-body rtin-content\">\n\t\t\t\t\t\t<h3 class=\"rtin-item-title\">1. Proc\u00e9d\u00e9 unique<\/h3>\n\t\t\t\t\t\t<div class=\"rtin-text\"><p>Nous utilisons une <strong>base javellisante<\/strong> extr\u00eamement <strong>puissante<\/strong> qui ne d\u00e9truit pas les tissus et les couleurs de vos meubles.<\/p><p>En fait, notre formule permet \u00e0 vos meubles de retrouver leur<strong> \u00e9clat initial<\/strong>. Notre proc\u00e9d\u00e9 adopte aussi un <strong>d\u00e9sodorisant<\/strong> et un <strong>d\u00e9tergent<\/strong> sp\u00e9ciaux qui optimisent le nettoyage.<\/p><\/div>\n\t\t\t\t\t\t\n\t\t\t\t\t<\/div>\n\t<\/div>\n<\/div>\t\t\t\t<\/div>\n\t\t\t\t<\/div>\n\t\t\t\t<div class=\"elementor-element elementor-element-0c05792 elementor-widget elementor-widget-rt-info-box\" data-id=\"0c05792\" data-element_type=\"widget\" data-widget_type=\"rt-info-box.default\">\n\t\t\t\t<div class=\"elementor-widget-container\">\n\t\t\t\t\t<div class=\"info-box media info-style5 left\">\n\t<div class=\"rtin-item media rtin-icon\">\n\t\t<div class=\"rtin-media\">\n\t\t\t<span>\n\t\t\t\t\t\t\t\t\t<span  style=\"\"><i class=\"fa fa-check\" aria-hidden=\"true\"><\/i><\/span>\n\t\t\t\t\t\t\t<\/span>\n\t\t<\/div>\n\t\t<div class=\"media-body rtin-content\">\n\t\t\t\t\t\t<h3 class=\"rtin-item-title\">2. \u00c9quipement efficace<\/h3>\n\t\t\t\t\t\t<div class=\"rtin-text\"><p>Nous avons alli\u00e9 la <strong>puissance<\/strong> de notre <strong>base javellisante<\/strong> \u00e0 des <strong>laveuses \u00e0 vapeur performantes<\/strong>.<\/p><p>De cette fa\u00e7on, nous avons pu augmenter notre rendement consid\u00e9rablement.<\/p><\/div>\n\t\t\t\t\t\t\n\t\t\t\t\t<\/div>\n\t<\/div>\n<\/div>\t\t\t\t<\/div>\n\t\t\t\t<\/div>\n\t\t\t\t<div class=\"elementor-element elementor-element-9cfb913 elementor-widget elementor-widget-rt-info-box\" data-id=\"9cfb913\" data-element_type=\"widget\" data-widget_type=\"rt-info-box.default\">\n\t\t\t\t<div class=\"elementor-widget-container\">\n\t\t\t\t\t<div class=\"info-box media info-style5 left\">\n\t<div class=\"rtin-item media rtin-icon\">\n\t\t<div class=\"rtin-media\">\n\t\t\t<span>\n\t\t\t\t\t\t\t\t\t<span  style=\"\"><i class=\"fa fa-check\" aria-hidden=\"true\"><\/i><\/span>\n\t\t\t\t\t\t\t<\/span>\n\t\t<\/div>\n\t\t<div class=\"media-body rtin-content\">\n\t\t\t\t\t\t<h3 class=\"rtin-item-title\">3. Rapidit\u00e9 d\u2019ex\u00e9cution<\/h3>\n\t\t\t\t\t\t<div class=\"rtin-text\"><p>Notre m\u00e9thode de travail nous permet d\u2019effectuer <strong>rapidement<\/strong> le <strong>nettoyage<\/strong> de vos <strong>produits<\/strong> en <strong>tissus<\/strong> afin que vous puissiez recommencer \u00e0 les utiliser aussit\u00f4t que le travail est termin\u00e9.<\/p><\/div>\n\t\t\t\t\t\t\n\t\t\t\t\t<\/div>\n\t<\/div>\n<\/div>\t\t\t\t<\/div>\n\t\t\t\t<\/div>\n\t\t\t\t<div class=\"elementor-element elementor-element-d9bd23d elementor-widget elementor-widget-rt-info-box\" data-id=\"d9bd23d\" data-element_type=\"widget\" data-widget_type=\"rt-info-box.default\">\n\t\t\t\t<div class=\"elementor-widget-container\">\n\t\t\t\t\t<div class=\"info-box media info-style5 left\">\n\t<div class=\"rtin-item media rtin-icon\">\n\t\t<div class=\"rtin-media\">\n\t\t\t<span>\n\t\t\t\t\t\t\t\t\t<span  style=\"\"><i class=\"fa fa-check\" aria-hidden=\"true\"><\/i><\/span>\n\t\t\t\t\t\t\t<\/span>\n\t\t<\/div>\n\t\t<div class=\"media-body rtin-content\">\n\t\t\t\t\t\t<h3 class=\"rtin-item-title\">4. Professionnalisme assur\u00e9<\/h3>\n\t\t\t\t\t\t<div class=\"rtin-text\"><p>Chez Nettoyeurs Unis de la Capitale, nous nous faisons un point d\u2019honneur de vous fournir des <strong>travaux soign\u00e9s<\/strong>, <strong>rigoureux<\/strong> et <strong>pr\u00e9cis<\/strong>.<\/p><p>Nous arrivons toujours sur les lieux \u00e0 l\u2019heure et nous ne partons pas tant que nous n\u2019avons pas termin\u00e9. C\u2019est pour cette raison que <strong>nous garantissons les services que nous offrons<\/strong>.<\/p><\/div>\n\t\t\t\t\t\t\n\t\t\t\t\t<\/div>\n\t<\/div>\n<\/div>\t\t\t\t<\/div>\n\t\t\t\t<\/div>\n\t\t\t\t<div class=\"elementor-element elementor-element-1fa1f8a elementor-widget elementor-widget-rt-info-box\" data-id=\"1fa1f8a\" data-element_type=\"widget\" data-widget_type=\"rt-info-box.default\">\n\t\t\t\t<div class=\"elementor-widget-container\">\n\t\t\t\t\t<div class=\"info-box media info-style5 left\">\n\t<div class=\"rtin-item media rtin-icon\">\n\t\t<div class=\"rtin-media\">\n\t\t\t<span>\n\t\t\t\t\t\t\t\t\t<span  style=\"\"><i class=\"fa fa-check\" aria-hidden=\"true\"><\/i><\/span>\n\t\t\t\t\t\t\t<\/span>\n\t\t<\/div>\n\t\t<div class=\"media-body rtin-content\">\n\t\t\t\t\t\t<h3 class=\"rtin-item-title\">5. Service personnalis\u00e9<\/h3>\n\t\t\t\t\t\t<div class=\"rtin-text\"><p>Aucun client n\u2019est pareil, donc nous prenons le temps de bien vous conna\u00eetre et d\u2019<strong>analyser vos besoins<\/strong> afin que vous obteniez des r\u00e9sultats qui d\u00e9passent vos exigences.<\/p><p>Gr\u00e2ce \u00e0 notre <strong>approche individuelle<\/strong>, plusieurs clients reconnus continuent de nous faire confiance aujourd\u2019hui.<\/p><\/div>\n\t\t\t\t\t\t\n\t\t\t\t\t<\/div>\n\t<\/div>\n<\/div>\t\t\t\t<\/div>\n\t\t\t\t<\/div>\n\t\t\t\t\t<\/div>\n\t\t<\/div>\n\t\t\t\t<div class=\"elementor-column elementor-col-50 elementor-top-column elementor-element elementor-element-05cf449\" data-id=\"05cf449\" data-element_type=\"column\">\n\t\t\t<div class=\"elementor-widget-wrap elementor-element-populated\">\n\t\t\t\t\t\t<div class=\"elementor-element elementor-element-79ca6fe image-left-bottom-shape elementor-widget elementor-widget-image\" data-id=\"79ca6fe\" data-element_type=\"widget\" data-widget_type=\"image.default\">\n\t\t\t\t<div class=\"elementor-widget-container\">\n\t\t\t\t\t\t\t\t\t\t\t\t\t\t\t<img fetchpriority=\"high\" decoding=\"async\" width=\"460\" height=\"302\" src=\"https:\/\/www.superbeausite.com\/constructiondemo2\/wp-content\/uploads\/2024\/09\/carpet.jpg\" class=\"attachment-large size-large wp-image-4503\" alt=\"\" srcset=\"https:\/\/www.superbeausite.com\/constructiondemo2\/wp-content\/uploads\/2024\/09\/carpet.jpg 460w, https:\/\/www.superbeausite.com\/constructiondemo2\/wp-content\/uploads\/2024\/09\/carpet-300x197.jpg 300w\" sizes=\"(max-width: 460px) 100vw, 460px\" \/>\t\t\t\t\t\t\t\t\t\t\t\t\t\t\t<\/div>\n\t\t\t\t<\/div>\n\t\t\t\t<div class=\"elementor-element elementor-element-29a1379 image-left-bottom-shape elementor-widget elementor-widget-image\" data-id=\"29a1379\" data-element_type=\"widget\" data-widget_type=\"image.default\">\n\t\t\t\t<div class=\"elementor-widget-container\">\n\t\t\t\t\t\t\t\t\t\t\t\t\t\t\t<img decoding=\"async\" width=\"460\" height=\"333\" src=\"https:\/\/www.superbeausite.com\/constructiondemo2\/wp-content\/uploads\/2024\/09\/machine.jpg\" class=\"attachment-large size-large wp-image-4504\" alt=\"\" srcset=\"https:\/\/www.superbeausite.com\/constructiondemo2\/wp-content\/uploads\/2024\/09\/machine.jpg 460w, https:\/\/www.superbeausite.com\/constructiondemo2\/wp-content\/uploads\/2024\/09\/machine-300x217.jpg 300w\" sizes=\"(max-width: 460px) 100vw, 460px\" \/>\t\t\t\t\t\t\t\t\t\t\t\t\t\t\t<\/div>\n\t\t\t\t<\/div>\n\t\t\t\t\t<\/div>\n\t\t<\/div>\n\t\t\t\t\t<\/div>\n\t\t<\/section>\n\t\t\t\t<section class=\"elementor-section elementor-top-section elementor-element elementor-element-5c4e75ac elementor-section-stretched elementor-section-boxed elementor-section-height-default elementor-section-height-default\" data-id=\"5c4e75ac\" data-element_type=\"section\" data-settings=\"{&quot;stretch_section&quot;:&quot;section-stretched&quot;,&quot;background_background&quot;:&quot;classic&quot;}\">\n\t\t\t\t\t\t<div class=\"elementor-container elementor-column-gap-default\">\n\t\t\t\t\t<div class=\"elementor-column elementor-col-100 elementor-top-column elementor-element elementor-element-24ebb4a8\" data-id=\"24ebb4a8\" data-element_type=\"column\">\n\t\t\t<div class=\"elementor-widget-wrap elementor-element-populated\">\n\t\t\t\t\t\t<div class=\"elementor-element elementor-element-182a1c84 elementor-widget elementor-widget-rt-title\" data-id=\"182a1c84\" data-element_type=\"widget\" data-widget_type=\"rt-title.default\">\n\t\t\t\t<div class=\"elementor-widget-container\">\n\t\t\t\t\t<div class=\"sec-title style2 center\">\n\t<div class=\"sec-title-holder\">\n\t\t\t\t\t\t<h2 class=\"rtin-title\">Contactez-nous<\/h2>\n\t\t\t\t\t<div class=\"rtin-text\"><h2 class=\"et_pb_module_header\">Peu importe vos t\u00e2ches, nous serons \u00e0 la hauteur de vos besoins<\/h2><\/div>\n\t\t\t<\/div>\n<\/div>\t\t\t\t<\/div>\n\t\t\t\t<\/div>\n\t\t\t\t\t<\/div>\n\t\t<\/div>\n\t\t\t\t\t<\/div>\n\t\t<\/section>\n\t\t\t\t<section class=\"elementor-section elementor-top-section elementor-element elementor-element-9032c1c elementor-section-stretched elementor-section-boxed elementor-section-height-default elementor-section-height-default\" data-id=\"9032c1c\" data-element_type=\"section\" data-settings=\"{&quot;stretch_section&quot;:&quot;section-stretched&quot;,&quot;background_background&quot;:&quot;classic&quot;}\">\n\t\t\t\t\t\t<div class=\"elementor-container elementor-column-gap-default\">\n\t\t\t\t\t<div class=\"elementor-column elementor-col-100 elementor-top-column elementor-element elementor-element-ab71ede\" data-id=\"ab71ede\" data-element_type=\"column\">\n\t\t\t<div class=\"elementor-widget-wrap\">\n\t\t\t\t\t\t\t<\/div>\n\t\t<\/div>\n\t\t\t\t\t<\/div>\n\t\t<\/section>\n\t\t\t\t<\/div>\n\t\t","protected":false},"excerpt":{"rendered":"<p>Depuis 1985 Notre histoire Texte texte texte texte texte texte texte texte texte texte texte texte texte texte texte texte texte texte texte texte texte texte texte texte texte texte texte texte texte texte texte texte texte. 1. Proc\u00e9d\u00e9 unique Texte texte texte texte texte texte texte texte texte texte texte texte texte texte texte [&hellip;]<\/p>\n","protected":false},"author":1,"featured_media":0,"parent":0,"menu_order":0,"comment_status":"closed","ping_status":"closed","template":"","meta":{"footnotes":""},"class_list":["post-20","page","type-page","status-publish","hentry"],"_links":{"self":[{"href":"https:\/\/www.superbeausite.com\/constructiondemo2\/wp-json\/wp\/v2\/pages\/20","targetHints":{"allow":["GET"]}}],"collection":[{"href":"https:\/\/www.superbeausite.com\/constructiondemo2\/wp-json\/wp\/v2\/pages"}],"about":[{"href":"https:\/\/www.superbeausite.com\/constructiondemo2\/wp-json\/wp\/v2\/types\/page"}],"author":[{"embeddable":true,"href":"https:\/\/www.superbeausite.com\/constructiondemo2\/wp-json\/wp\/v2\/users\/1"}],"replies":[{"embeddable":true,"href":"https:\/\/www.superbeausite.com\/constructiondemo2\/wp-json\/wp\/v2\/comments?post=20"}],"version-history":[{"count":32,"href":"https:\/\/www.superbeausite.com\/constructiondemo2\/wp-json\/wp\/v2\/pages\/20\/revisions"}],"predecessor-version":[{"id":4690,"href":"https:\/\/www.superbeausite.com\/constructiondemo2\/wp-json\/wp\/v2\/pages\/20\/revisions\/4690"}],"wp:attachment":[{"href":"https:\/\/www.superbeausite.com\/constructiondemo2\/wp-json\/wp\/v2\/media?parent=20"}],"curies":[{"name":"wp","href":"https:\/\/api.w.org\/{rel}","templated":true}]}}