{"id":22,"date":"2019-07-11T06:57:20","date_gmt":"2019-07-11T06:57:20","guid":{"rendered":"https:\/\/radiustheme.com\/demo\/wordpress\/themes\/clenix\/about-us-copy\/"},"modified":"2024-12-09T22:39:15","modified_gmt":"2024-12-09T22:39:15","slug":"realisations","status":"publish","type":"page","link":"https:\/\/www.superbeausite.com\/constructiondemo2\/realisations\/","title":{"rendered":"R\u00e9alisations"},"content":{"rendered":"\t\t<div data-elementor-type=\"wp-post\" data-elementor-id=\"22\" class=\"elementor elementor-22\">\n\t\t\t\t\t\t<section class=\"elementor-section elementor-top-section elementor-element elementor-element-eea3df7 elementor-section-stretched elementor-section-boxed elementor-section-height-default elementor-section-height-default\" data-id=\"eea3df7\" data-element_type=\"section\" data-settings=\"{&quot;stretch_section&quot;:&quot;section-stretched&quot;}\">\n\t\t\t\t\t\t<div class=\"elementor-container elementor-column-gap-default\">\n\t\t\t\t\t<div class=\"elementor-column elementor-col-50 elementor-top-column elementor-element elementor-element-7567a92\" data-id=\"7567a92\" data-element_type=\"column\">\n\t\t\t<div class=\"elementor-widget-wrap elementor-element-populated\">\n\t\t\t\t\t\t<div class=\"elementor-element elementor-element-66a0855 elementor-widget elementor-widget-rt-text-with-button\" data-id=\"66a0855\" data-element_type=\"widget\" data-widget_type=\"rt-text-with-button.default\">\n\t\t\t\t<div class=\"elementor-widget-container\">\n\t\t\t\t\t<div class=\"title-text-button left barhide text-style1\">\n\t\t\t<div class=\"subtitle\" style=\"\">Voir nos r\u00e9alisations<\/div>\n\t\t\t\t<h2 class=\"rtin-title\" style=\"\">Nettoyage impeccable<\/h2>\n\t\t\t\t\t\t<div class=\"rtin-content\" style=\"\"><\/div>\n\t<\/div>\t\t\t\t<\/div>\n\t\t\t\t<\/div>\n\t\t\t\t\t<\/div>\n\t\t<\/div>\n\t\t\t\t<div class=\"elementor-column elementor-col-50 elementor-top-column elementor-element elementor-element-235b494\" data-id=\"235b494\" data-element_type=\"column\">\n\t\t\t<div class=\"elementor-widget-wrap elementor-element-populated\">\n\t\t\t\t\t\t<div class=\"elementor-element elementor-element-b984ee7 elementor-widget elementor-widget-rt-text-with-button\" data-id=\"b984ee7\" data-element_type=\"widget\" data-widget_type=\"rt-text-with-button.default\">\n\t\t\t\t<div class=\"elementor-widget-container\">\n\t\t\t\t\t<div class=\"title-text-button left barhide text-style1\">\n\t\t\t<div class=\"rtin-content\" style=\"\"><h2 class=\"et_pb_blurb_description\">La qualit\u00e9 \u00e0 votre service !<\/h2><\/div>\n\t<\/div>\t\t\t\t<\/div>\n\t\t\t\t<\/div>\n\t\t\t\t\t<\/div>\n\t\t<\/div>\n\t\t\t\t\t<\/div>\n\t\t<\/section>\n\t\t<div class=\"elementor-element elementor-element-c316e01 e-flex e-con-boxed e-con e-parent\" data-id=\"c316e01\" data-element_type=\"container\">\n\t\t\t\t\t<div class=\"e-con-inner\">\n\t\t\t\t<div class=\"elementor-element elementor-element-888a6a6 elementor-widget elementor-widget-image\" data-id=\"888a6a6\" data-element_type=\"widget\" data-widget_type=\"image.default\">\n\t\t\t\t<div class=\"elementor-widget-container\">\n\t\t\t\t\t\t\t\t\t\t\t\t\t\t\t<img fetchpriority=\"high\" decoding=\"async\" width=\"1024\" height=\"422\" src=\"https:\/\/www.superbeausite.com\/constructiondemo2\/wp-content\/uploads\/2024\/09\/matelasavantapres-1024x422.jpg\" class=\"attachment-large size-large wp-image-4451\" alt=\"\" srcset=\"https:\/\/www.superbeausite.com\/constructiondemo2\/wp-content\/uploads\/2024\/09\/matelasavantapres-1024x422.jpg 1024w, https:\/\/www.superbeausite.com\/constructiondemo2\/wp-content\/uploads\/2024\/09\/matelasavantapres-300x124.jpg 300w, https:\/\/www.superbeausite.com\/constructiondemo2\/wp-content\/uploads\/2024\/09\/matelasavantapres-768x317.jpg 768w, https:\/\/www.superbeausite.com\/constructiondemo2\/wp-content\/uploads\/2024\/09\/matelasavantapres-600x247.jpg 600w, https:\/\/www.superbeausite.com\/constructiondemo2\/wp-content\/uploads\/2024\/09\/matelasavantapres.jpg 1400w\" sizes=\"(max-width: 1024px) 100vw, 1024px\" \/>\t\t\t\t\t\t\t\t\t\t\t\t\t\t\t<\/div>\n\t\t\t\t<\/div>\n\t\t\t\t\t<\/div>\n\t\t\t\t<\/div>\n\t\t\t\t<\/div>\n\t\t","protected":false},"excerpt":{"rendered":"<p>Voir nos r\u00e9alisations Nettoyage impeccable La qualit\u00e9 \u00e0 votre service !<\/p>\n","protected":false},"author":1,"featured_media":0,"parent":0,"menu_order":0,"comment_status":"closed","ping_status":"closed","template":"","meta":{"footnotes":""},"class_list":["post-22","page","type-page","status-publish","hentry"],"_links":{"self":[{"href":"https:\/\/www.superbeausite.com\/constructiondemo2\/wp-json\/wp\/v2\/pages\/22","targetHints":{"allow":["GET"]}}],"collection":[{"href":"https:\/\/www.superbeausite.com\/constructiondemo2\/wp-json\/wp\/v2\/pages"}],"about":[{"href":"https:\/\/www.superbeausite.com\/constructiondemo2\/wp-json\/wp\/v2\/types\/page"}],"author":[{"embeddable":true,"href":"https:\/\/www.superbeausite.com\/constructiondemo2\/wp-json\/wp\/v2\/users\/1"}],"replies":[{"embeddable":true,"href":"https:\/\/www.superbeausite.com\/constructiondemo2\/wp-json\/wp\/v2\/comments?post=22"}],"version-history":[{"count":40,"href":"https:\/\/www.superbeausite.com\/constructiondemo2\/wp-json\/wp\/v2\/pages\/22\/revisions"}],"predecessor-version":[{"id":4703,"href":"https:\/\/www.superbeausite.com\/constructiondemo2\/wp-json\/wp\/v2\/pages\/22\/revisions\/4703"}],"wp:attachment":[{"href":"https:\/\/www.superbeausite.com\/constructiondemo2\/wp-json\/wp\/v2\/media?parent=22"}],"curies":[{"name":"wp","href":"https:\/\/api.w.org\/{rel}","templated":true}]}}