{"id":4204,"date":"2024-08-26T09:38:38","date_gmt":"2024-08-26T09:38:38","guid":{"rendered":"https:\/\/radiustheme.com\/demo\/wordpress\/themes\/clenix\/?page_id=4204"},"modified":"2024-12-09T22:43:42","modified_gmt":"2024-12-09T22:43:42","slug":"contact","status":"publish","type":"page","link":"https:\/\/www.superbeausite.com\/constructiondemo2\/contact\/","title":{"rendered":"Contact"},"content":{"rendered":"\t\t<div data-elementor-type=\"wp-page\" data-elementor-id=\"4204\" class=\"elementor elementor-4204\">\n\t\t\t\t\t\t<section class=\"elementor-section elementor-top-section elementor-element elementor-element-3ffb631 elementor-section-boxed elementor-section-height-default elementor-section-height-default\" data-id=\"3ffb631\" data-element_type=\"section\">\n\t\t\t\t\t\t<div class=\"elementor-container elementor-column-gap-default\">\n\t\t\t\t\t<div class=\"elementor-column elementor-col-66 elementor-top-column elementor-element elementor-element-44defcc\" data-id=\"44defcc\" data-element_type=\"column\">\n\t\t\t<div class=\"elementor-widget-wrap elementor-element-populated\">\n\t\t\t\t\t\t<div class=\"elementor-element elementor-element-ecfa619 elementor-widget elementor-widget-google_maps\" data-id=\"ecfa619\" data-element_type=\"widget\" data-widget_type=\"google_maps.default\">\n\t\t\t\t<div class=\"elementor-widget-container\">\n\t\t\t\t\t\t\t<div class=\"elementor-custom-embed\">\n\t\t\t<iframe loading=\"lazy\"\n\t\t\t\t\tsrc=\"https:\/\/maps.google.com\/maps?q=Sainte-foy&#038;t=m&#038;z=10&#038;output=embed&#038;iwloc=near\"\n\t\t\t\t\ttitle=\"Sainte-foy\"\n\t\t\t\t\taria-label=\"Sainte-foy\"\n\t\t\t><\/iframe>\n\t\t<\/div>\n\t\t\t\t\t\t<\/div>\n\t\t\t\t<\/div>\n\t\t\t\t\t<\/div>\n\t\t<\/div>\n\t\t\t\t<div class=\"elementor-column elementor-col-33 elementor-top-column elementor-element elementor-element-f0cffa5\" data-id=\"f0cffa5\" data-element_type=\"column\">\n\t\t\t<div class=\"elementor-widget-wrap elementor-element-populated\">\n\t\t\t\t\t\t<div class=\"elementor-element elementor-element-e9b88a1 elementor-widget elementor-widget-rt-title\" data-id=\"e9b88a1\" data-element_type=\"widget\" data-widget_type=\"rt-title.default\">\n\t\t\t\t<div class=\"elementor-widget-container\">\n\t\t\t\t\t<div class=\"sec-title style4\">\n\t<div class=\"sec-title-holder\">\n\t\t<h2 class=\"rtin-title\">Montr\u00e9al et alentours\n<br><br>\nT\u00e9l\u00e9phone: <br>\n<a href=\"tel:5556667777\">555-666-7777<\/a><\/h2>\n\t<\/div>\n<\/div>\n\t\t\t\t<\/div>\n\t\t\t\t<\/div>\n\t\t\t\t\t<\/div>\n\t\t<\/div>\n\t\t\t\t\t<\/div>\n\t\t<\/section>\n\t\t\t\t<\/div>\n\t\t","protected":false},"excerpt":{"rendered":"<p>Montr\u00e9al et alentours T\u00e9l\u00e9phone: 555-666-7777<\/p>\n","protected":false},"author":1,"featured_media":0,"parent":0,"menu_order":0,"comment_status":"closed","ping_status":"closed","template":"elementor_header_footer","meta":{"footnotes":""},"class_list":["post-4204","page","type-page","status-publish","hentry"],"_links":{"self":[{"href":"https:\/\/www.superbeausite.com\/constructiondemo2\/wp-json\/wp\/v2\/pages\/4204","targetHints":{"allow":["GET"]}}],"collection":[{"href":"https:\/\/www.superbeausite.com\/constructiondemo2\/wp-json\/wp\/v2\/pages"}],"about":[{"href":"https:\/\/www.superbeausite.com\/constructiondemo2\/wp-json\/wp\/v2\/types\/page"}],"author":[{"embeddable":true,"href":"https:\/\/www.superbeausite.com\/constructiondemo2\/wp-json\/wp\/v2\/users\/1"}],"replies":[{"embeddable":true,"href":"https:\/\/www.superbeausite.com\/constructiondemo2\/wp-json\/wp\/v2\/comments?post=4204"}],"version-history":[{"count":42,"href":"https:\/\/www.superbeausite.com\/constructiondemo2\/wp-json\/wp\/v2\/pages\/4204\/revisions"}],"predecessor-version":[{"id":4712,"href":"https:\/\/www.superbeausite.com\/constructiondemo2\/wp-json\/wp\/v2\/pages\/4204\/revisions\/4712"}],"wp:attachment":[{"href":"https:\/\/www.superbeausite.com\/constructiondemo2\/wp-json\/wp\/v2\/media?parent=4204"}],"curies":[{"name":"wp","href":"https:\/\/api.w.org\/{rel}","templated":true}]}}